{"id":183,"date":"2024-05-10T13:53:47","date_gmt":"2024-05-10T11:53:47","guid":{"rendered":"https:\/\/txo.uber.space\/parking\/?page_id=183"},"modified":"2024-05-10T14:37:36","modified_gmt":"2024-05-10T12:37:36","slug":"preisliste-parkplatz-kfz-service","status":"publish","type":"page","link":"https:\/\/txo.uber.space\/parking\/preisliste-parkplatz-kfz-service\/","title":{"rendered":"Preisliste Parkplatz &amp; KFZ Service"},"content":{"rendered":"\n<p><strong>*Unsere&nbsp;Preise beinhalten das Valet Parking<\/strong>&nbsp;(Fzg \u00dcbergabe direkt am Airport)<\/p>\n\n\n\n<p><strong>*An- u. Abreisetag werden mitgerechnet<\/strong><\/p>\n\n\n\n<p><strong>*Bei Anreise vor 7:00 Uhr morgens berechnen wir zuz\u00fcgl. zum Parkplatzpreis einen Zuschlag von 12,00 \u20ac<\/strong><\/p>\n\n\n\n<p>&nbsp;&nbsp; Die Preise entnehmen Sie bitte der unten angef\u00fcgten Preistabelle<\/p>\n\n\n\n<p><strong>Preisliste Parkpl\u00e4tze<\/strong><\/p>\n\n\n\n<figure class=\"wp-block-table\"><table><tbody><tr><td>Dauer<\/td><td>&nbsp;<\/td><td>Au\u00dfenparkplatz<\/td><td>&nbsp;<\/td><td>Hallenparkplatz<\/td><td>&nbsp;<\/td><\/tr><tr><td><strong>1-3 Tage<\/strong><\/td><td>&nbsp;<\/td><td><strong>\u20ac 45,00<\/strong><\/td><td>&nbsp;<\/td><td><strong>buchbar ab 15 Tage<\/strong><\/td><td>&nbsp;<\/td><\/tr><tr><td><strong>4-6 Tage<\/strong><\/td><td>&nbsp;<\/td><td><strong>\u20ac 50,00<\/strong><\/td><td>&nbsp;<\/td><td><strong>buchbar ab 15 Tage<\/strong><\/td><td>&nbsp;<\/td><\/tr><tr><td><strong>7-8 Tage<\/strong><\/td><td>&nbsp;<\/td><td><strong>\u20ac 54,00<\/strong><\/td><td>&nbsp;<\/td><td><strong>buchbar ab 15 Tage<\/strong><\/td><td>&nbsp;<\/td><\/tr><tr><td><strong>9&nbsp;Tage<\/strong><\/td><td>&nbsp;<\/td><td><strong>\u20ac 56,00<\/strong><\/td><td>&nbsp;<\/td><td><strong>buchbar ab 15 Tage<\/strong><\/td><td>&nbsp;<\/td><\/tr><tr><td><strong>10 Tage<\/strong><\/td><td>&nbsp;<\/td><td><strong>\u20ac 60,00<\/strong><\/td><td>&nbsp;<\/td><td><strong>buchbar ab 15 Tage<\/strong><\/td><td>&nbsp;<\/td><\/tr><tr><td><strong>11 Tage<\/strong><\/td><td>&nbsp;<\/td><td><strong>\u20ac 64,00<\/strong><\/td><td>&nbsp;<\/td><td><strong>buchbar ab 15 Tage<\/strong><\/td><td>&nbsp;<\/td><\/tr><tr><td><strong>12&nbsp;Tage<\/strong><\/td><td>&nbsp;<\/td><td><strong>\u20ac 68,00<\/strong><\/td><td>&nbsp;<\/td><td><strong>buchbar ab 15 Tage<\/strong><\/td><td>&nbsp;<\/td><\/tr><tr><td><strong>13&nbsp;Tage<\/strong><\/td><td>&nbsp;<\/td><td><strong>\u20ac 72,00<\/strong><\/td><td>&nbsp;<\/td><td><strong>buchbar ab 15 Tage<\/strong><\/td><td>&nbsp;<\/td><\/tr><tr><td><strong>14&nbsp;Tage<\/strong><\/td><td>&nbsp;<\/td><td><strong>\u20ac 76,00<\/strong><\/td><td>&nbsp;<\/td><td><strong>buchbar ab 15 Tage<\/strong><\/td><td>&nbsp;<\/td><\/tr><tr><td><strong>15&nbsp;Tage<\/strong><\/td><td>&nbsp;<\/td><td><strong>\u20ac 80,00<\/strong><\/td><td>&nbsp;<\/td><td><strong>\u20ac 110,00<\/strong><\/td><td>&nbsp;<\/td><\/tr><tr><td><strong>16&nbsp;Tage<\/strong><\/td><td>&nbsp;<\/td><td><strong>\u20ac 84,00<\/strong><\/td><td>&nbsp;<\/td><td><strong>\u20ac 114,00<\/strong><\/td><td>&nbsp;<\/td><\/tr><tr><td><strong>17 Tage<\/strong><\/td><td>&nbsp;<\/td><td><strong>\u20ac 87,00<\/strong><\/td><td>&nbsp;<\/td><td><strong>\u20ac 117,00<\/strong><\/td><td>&nbsp;<\/td><\/tr><tr><td><strong>18&nbsp;Tage<\/strong><\/td><td>&nbsp;<\/td><td><strong>\u20ac 90,00<\/strong><\/td><td>&nbsp;<\/td><td><strong>\u20ac 120,00<\/strong><\/td><td>&nbsp;<\/td><\/tr><tr><td><strong>19 Tage<\/strong><\/td><td>&nbsp;<\/td><td><strong>\u20ac 93,00<\/strong><\/td><td>&nbsp;<\/td><td><strong>\u20ac 123,00<\/strong><\/td><td>&nbsp;<\/td><\/tr><tr><td><strong>20&nbsp;Tage<\/strong><\/td><td>&nbsp;<\/td><td><strong>\u20ac 96,00<\/strong><\/td><td>&nbsp;<\/td><td><strong>\u20ac 126,00<\/strong><\/td><td>&nbsp;<\/td><\/tr><tr><td><strong>21 Tage<\/strong><\/td><td>&nbsp;<\/td><td><strong>\u20ac 99,00<\/strong><\/td><td>&nbsp;<\/td><td><strong>\u20ac 129,00<\/strong><\/td><td>&nbsp;<\/td><\/tr><tr><td><strong>22&nbsp;Tage<\/strong><\/td><td>&nbsp;<\/td><td><strong>\u20ac 102,00<\/strong><\/td><td>&nbsp;<\/td><td><strong>\u20ac 132,00<\/strong><\/td><td>&nbsp;<\/td><\/tr><tr><td><strong>23 Tage<\/strong><\/td><td>&nbsp;<\/td><td><strong>\u20ac 105,00<\/strong><\/td><td>&nbsp;<\/td><td><strong>\u20ac 135,00<\/strong><\/td><td>&nbsp;<\/td><\/tr><tr><td><strong>24&nbsp;Tage<\/strong><\/td><td>&nbsp;<\/td><td><strong>\u20ac 108,00<\/strong><\/td><td>&nbsp;<\/td><td><strong>\u20ac 138,00<\/strong><\/td><td>&nbsp;<\/td><\/tr><tr><td><strong>25 Tage<\/strong><\/td><td>&nbsp;<\/td><td><strong>\u20ac 111,00<\/strong><\/td><td>&nbsp;<\/td><td><strong>\u20ac 141,00<\/strong><\/td><td>&nbsp;<\/td><\/tr><tr><td><strong>26&nbsp;Tage<\/strong><\/td><td>&nbsp;<\/td><td><strong>\u20ac 114,00<\/strong><\/td><td>&nbsp;<\/td><td><strong>\u20ac 144,00<\/strong><\/td><td>&nbsp;<\/td><\/tr><tr><td><strong>27 Tage<\/strong><\/td><td>&nbsp;<\/td><td><strong>\u20ac 117,00<\/strong><\/td><td>&nbsp;<\/td><td><strong>\u20ac 147,00<\/strong><\/td><td>&nbsp;<\/td><\/tr><tr><td><strong>28 Tage<\/strong><\/td><td>&nbsp;<\/td><td><strong>\u20ac 120,00<\/strong><\/td><td>&nbsp;<\/td><td><strong>\u20ac 150,00<\/strong><\/td><td>&nbsp;<\/td><\/tr><tr><td>jeder weitere Tag zuz\u00fcgl. 2,00 \u20ac<\/td><td>&nbsp;<\/td><td>jeder weitere Tag zuz\u00fcgl. 2,00 \u20ac<\/td><td>&nbsp;<\/td><td>jeder weitere Tag zuz\u00fcgl. 2,00 \u20ac<\/td><td>&nbsp;<\/td><\/tr><\/tbody><\/table><\/figure>\n\n\n\n<p>Alle Preise verstehen sich inkl. Mehrwertsteuer.<\/p>\n","protected":false},"excerpt":{"rendered":"<p>*Unsere&nbsp;Preise beinhalten das Valet Parking&nbsp;(Fzg \u00dcbergabe direkt am Airport) *An- u. Abreisetag werden mitgerechnet *Bei Anreise vor 7:00 Uhr morgens berechnen wir zuz\u00fcgl. zum Parkplatzpreis einen Zuschlag von 12,00 \u20ac &nbsp;&nbsp; Die Preise entnehmen Sie bitte der unten angef\u00fcgten Preistabelle Preisliste Parkpl\u00e4tze Dauer &nbsp; Au\u00dfenparkplatz &nbsp; Hallenparkplatz &nbsp; 1-3 Tage &nbsp; \u20ac 45,00 &nbsp; buchbar [&hellip;]<\/p>\n","protected":false},"author":1,"featured_media":173,"parent":0,"menu_order":0,"comment_status":"closed","ping_status":"closed","template":"","meta":{"advanced_seo_description":"Airport Memmingen Park und Shuttle Service zum Flughafen Memmingerberg ","jetpack_seo_html_title":"Airport Memmingen Parkservice","jetpack_seo_noindex":false,"footnotes":""},"class_list":["post-183","page","type-page","status-publish","has-post-thumbnail","hentry"],"jetpack_sharing_enabled":true,"_links":{"self":[{"href":"https:\/\/txo.uber.space\/parking\/wp-json\/wp\/v2\/pages\/183","targetHints":{"allow":["GET"]}}],"collection":[{"href":"https:\/\/txo.uber.space\/parking\/wp-json\/wp\/v2\/pages"}],"about":[{"href":"https:\/\/txo.uber.space\/parking\/wp-json\/wp\/v2\/types\/page"}],"author":[{"embeddable":true,"href":"https:\/\/txo.uber.space\/parking\/wp-json\/wp\/v2\/users\/1"}],"replies":[{"embeddable":true,"href":"https:\/\/txo.uber.space\/parking\/wp-json\/wp\/v2\/comments?post=183"}],"version-history":[{"count":3,"href":"https:\/\/txo.uber.space\/parking\/wp-json\/wp\/v2\/pages\/183\/revisions"}],"predecessor-version":[{"id":192,"href":"https:\/\/txo.uber.space\/parking\/wp-json\/wp\/v2\/pages\/183\/revisions\/192"}],"wp:featuredmedia":[{"embeddable":true,"href":"https:\/\/txo.uber.space\/parking\/wp-json\/wp\/v2\/media\/173"}],"wp:attachment":[{"href":"https:\/\/txo.uber.space\/parking\/wp-json\/wp\/v2\/media?parent=183"}],"curies":[{"name":"wp","href":"https:\/\/api.w.org\/{rel}","templated":true}]}}