{"id":177,"date":"2024-05-10T13:44:54","date_gmt":"2024-05-10T11:44:54","guid":{"rendered":"https:\/\/txo.uber.space\/parking\/?page_id=177"},"modified":"2024-05-10T13:44:54","modified_gmt":"2024-05-10T11:44:54","slug":"impressum","status":"publish","type":"page","link":"https:\/\/txo.uber.space\/parking\/impressum\/","title":{"rendered":"Impressum"},"content":{"rendered":"\n<p><em>Dieses Impressum wurde zuletzt am 01.04.2024 aktualisiert.<\/em><\/p>\n\n\n\n<p>Der Eigent\u00fcmer dieser Website ist:<\/p>\n\n\n\n<p>Inhaber dieser Seite<\/p>\n\n\n\n<p><strong>Fa. W. Zimmer<\/strong><br>Beim Ziegelstadel 6a<br>D-87766 Memmingerberg<\/p>\n\n\n\n<p>Tel:&nbsp;&nbsp;+49.8331.88607 oder +49.170.1270616<br>Fax: +49.8331.972832<br>eMail:&nbsp;<a href=\"mailto:kontakt@airport-parkservice.com\">kontakt@airport-parkservice.com<\/a><\/p>\n\n\n\n<p>St.-Nr.:138\/292\/90353<\/p>\n\n\n\n<p>Verantwortlich f\u00fcr den Inhalt:<br>W. Zimmer<\/p>\n\n\n\n<p>Der gesetzliche Vertreter der Fa. Zimmer:<\/p>\n\n\n\n<p>W. Zimmer<\/p>\n\n\n\n<p><\/p>\n\n\n\n<p>.<\/p>\n\n\n\n<h3 class=\"wp-block-heading\">Alternative Streitbeilegung gem\u00e4\u00df Art. 14 Abs. 1 ODR-VO und \u00a7 36 VSBG:<\/h3>\n\n\n\n<p>Die Europ\u00e4ische Kommission stellt eine Plattform zur Online-Streitbeilegung (OS) bereit, die du unter&nbsp;<a href=\"https:\/\/ec.europa.eu\/consumers\/odr\" target=\"_blank\" rel=\"noreferrer noopener\">https:\/\/ec.europa.eu\/consumers\/odr<\/a>&nbsp;findest. Zur Teilnahme an einem Streitbeilegungsverfahren vor einer Verbraucherschlichtungsstelle sind wir nicht verpflichtet und nicht bereit.<\/p>\n\n\n\n<p><\/p>\n\n\n\n<p><\/p>\n\n\n\n<p><br><br><\/p>\n","protected":false},"excerpt":{"rendered":"<p>Dieses Impressum wurde zuletzt am 01.04.2024 aktualisiert. Der Eigent\u00fcmer dieser Website ist: Inhaber dieser Seite Fa. W. ZimmerBeim Ziegelstadel 6aD-87766 Memmingerberg Tel:&nbsp;&nbsp;+49.8331.88607 oder +49.170.1270616Fax: +49.8331.972832eMail:&nbsp;kontakt@airport-parkservice.com St.-Nr.:138\/292\/90353 Verantwortlich f\u00fcr den Inhalt:W. Zimmer Der gesetzliche Vertreter der Fa. Zimmer: W. Zimmer . Alternative Streitbeilegung gem\u00e4\u00df Art. 14 Abs. 1 ODR-VO und \u00a7 36 VSBG: Die Europ\u00e4ische Kommission [&hellip;]<\/p>\n","protected":false},"author":1,"featured_media":173,"parent":0,"menu_order":0,"comment_status":"closed","ping_status":"closed","template":"","meta":{"advanced_seo_description":"","jetpack_seo_html_title":"","jetpack_seo_noindex":false,"footnotes":""},"class_list":["post-177","page","type-page","status-publish","has-post-thumbnail","hentry"],"jetpack_sharing_enabled":true,"_links":{"self":[{"href":"https:\/\/txo.uber.space\/parking\/wp-json\/wp\/v2\/pages\/177","targetHints":{"allow":["GET"]}}],"collection":[{"href":"https:\/\/txo.uber.space\/parking\/wp-json\/wp\/v2\/pages"}],"about":[{"href":"https:\/\/txo.uber.space\/parking\/wp-json\/wp\/v2\/types\/page"}],"author":[{"embeddable":true,"href":"https:\/\/txo.uber.space\/parking\/wp-json\/wp\/v2\/users\/1"}],"replies":[{"embeddable":true,"href":"https:\/\/txo.uber.space\/parking\/wp-json\/wp\/v2\/comments?post=177"}],"version-history":[{"count":1,"href":"https:\/\/txo.uber.space\/parking\/wp-json\/wp\/v2\/pages\/177\/revisions"}],"predecessor-version":[{"id":178,"href":"https:\/\/txo.uber.space\/parking\/wp-json\/wp\/v2\/pages\/177\/revisions\/178"}],"wp:featuredmedia":[{"embeddable":true,"href":"https:\/\/txo.uber.space\/parking\/wp-json\/wp\/v2\/media\/173"}],"wp:attachment":[{"href":"https:\/\/txo.uber.space\/parking\/wp-json\/wp\/v2\/media?parent=177"}],"curies":[{"name":"wp","href":"https:\/\/api.w.org\/{rel}","templated":true}]}}